{"id":1948,"date":"2019-10-20T19:52:24","date_gmt":"2019-10-20T19:52:24","guid":{"rendered":"https:\/\/dev.winsomethemes.com\/radica\/?page_id=22"},"modified":"2022-12-27T13:55:46","modified_gmt":"2022-12-27T10:55:46","slug":"career","status":"publish","type":"page","link":"http:\/\/liftena.com\/en\/career\/","title":{"rendered":"Career"},"content":{"rendered":"<p>[vc_row bg_main=&#8221;image&#8221; fluid=&#8221;1&#8243; bg_image_repeat=&#8221;repeat-x&#8221; bg_image_position=&#8221;50% 100%&#8221; anim_bg=&#8221;1&#8243; section_bg_color=&#8221;#e8f6ff&#8221; css=&#8221;.vc_custom_1571696182420{padding-right: 15% !important;padding-bottom: 0px !important;padding-left: 15% !important;}&#8221; wst_bg_img=&#8221;258&#8243;][vc_column width=&#8221;1\/2&#8243; css=&#8221;.vc_custom_1562624573192{padding-right: 5% !important;}&#8221;]<div class='wst-img wst_aos' id='imgd_69e029bce97ca' data-aos=\"fade-down\" data-aos-easing=\"ease\" data-aos-once=\"true\" data-rev-color=\"#5b8dff\" data-rev-dur=\"800\"><img width=\"700\" height=\"667\" src=\"http:\/\/liftena.com\/en\/wp-content\/uploads\/sites\/2\/2019\/10\/three_ppl.png\" class=\"attachment-full\" alt=\"\" decoding=\"async\" loading=\"lazy\" srcset=\"http:\/\/liftena.com\/en\/wp-content\/uploads\/sites\/2\/2019\/10\/three_ppl.png 700w, http:\/\/liftena.com\/en\/wp-content\/uploads\/sites\/2\/2019\/10\/three_ppl-300x286.png 300w\" sizes=\"(max-width: 700px) 100vw, 700px\" \/><\/div>[\/vc_column][vc_column width=&#8221;1\/2&#8243; css=&#8221;.vc_custom_1561324010287{padding-left: 20px !important;}&#8221;]<h6 class='wst-heading simple head_69e029bce982b' data-rev-color=\"#5b8dff\" data-rev-dur=\"800\"><span style=\"color: #5b8dff\">NEW GENERATION TECHNOLOGY<\/span><\/h6><h3 class='wst-heading simple head_69e029bce9bef' data-rev-color=\"#5b8dff\" data-rev-dur=\"800\">Creative Team<\/h3><h3 class='wst-heading simple head_69e029bce9c7d' data-rev-color=\"#5b8dff\" data-rev-dur=\"800\"><span style=\"color: transparent\">Experienced Staff<\/span><\/h3>[vc_column_text css=&#8221;.vc_custom_1615626284705{padding-right: 20% !important;padding-bottom: 60px !important;}&#8221;]The basis of our human resources policy is to recruit individuals who are open to innovation, who will add value to our company&#8217;s vision of becoming a technological leader in national and international platforms, and who are self-improving.[\/vc_column_text][\/vc_column][\/vc_row][vc_row row_ind=&#8221;2&#8243; css=&#8221;.vc_custom_1561324568187{margin-bottom: -350px !important;}&#8221;][vc_column]<h6 class='wst-heading simple head_69e029bce9d2d centered' data-rev-color=\"#5b8dff\" data-rev-dur=\"800\"><span style=\"color: #5b8dff\">OUR FUNDAMENTAL POLICIES<\/span><\/h6><h3 class='wst-heading simple head_69e029bce9dcd centered' data-rev-color=\"#5b8dff\" data-rev-dur=\"800\">LIFTENA Team<\/h3>[vc_row_inner][vc_column_inner width=&#8221;1\/3&#8243;]<div class='wst-icon-box icbx_69e029bce9eae wst_block_icn leftibox icbx-shad text-center'><div class='box_icon custom'><i class='stline-aircraft-military-plane'><\/i><\/div><div class='box_content'><h5 class='box_title'>Innovator<\/h5><p class=\"box_text\">To be open to innovations that constantly improve oneself, follow new trends and attach importance to team spirit.<\/p><\/div><\/div>[\/vc_column_inner][vc_column_inner width=&#8221;1\/3&#8243;]<div class='wst-icon-box icbx_69e029bcea01b wst_block_icn centeribox icbx-shad text-center'><div class='box_icon custom'><i class='stline-layout-dashboard'><\/i><\/div><div class='box_content'><h5 class='box_title'>Technological<\/h5><p class=\"box_text\">To examine technological developments and willing to direct technology<\/p><\/div><\/div>[\/vc_column_inner][vc_column_inner width=&#8221;1\/3&#8243;]<div class='wst-icon-box icbx_69e029bcea123 wst_block_icn icbx-shad text-center'><div class='box_icon custom'><i class='stline-aircraft-military-plane'><\/i><\/div><div class='box_content'><h5 class='box_title'>Responsible<\/h5><p class=\"box_text\">Owning the job given, giving importance to time management, being responsible<\/p><\/div><\/div>[\/vc_column_inner][\/vc_row_inner][\/vc_column][\/vc_row][vc_row bg_main=&#8221;gradient&#8221; skew_radius=&#8221;0&#8243; section_bg_grad=&#8221;-webkit-linear-gradient(bottom, #0d5b7c 0%, #0b9ace 100%)&#8221; row_ind=&#8221;1&#8243; css=&#8221;.vc_custom_1609180235392{padding-top: 300px !important;}&#8221;][vc_column width=&#8221;5\/12&#8243; css=&#8221;.vc_custom_1561003903010{border-right-width: 1px !important;padding-right: 50px !important;border-right-color: rgba(255,255,255,0.16) !important;border-right-style: solid !important;}&#8221;]<h3 class='wst-heading simple head_69e029bcea1e4' data-rev-color=\"#5b8dff\" data-rev-dur=\"800\"><span style=\"color: #ffffff\">Do Good Works With Our Team<\/span><\/h3>[vc_column_text css=&#8221;.vc_custom_1615626418323{margin-bottom: 30px !important;}&#8221;]<span style=\"color: #ffffff;\">Join the dynamic structure of our strong and experienced team that combines continuous integration with new technology.<\/span>[\/vc_column_text][vc_row_inner][vc_column_inner width=&#8221;1\/2&#8243; css=&#8221;.vc_custom_1549072789339{padding-left: 0px !important;}&#8221;][wst_list list_style=&#8221;custom-list&#8221;]<li class=\"\"><div class=\"wst_list_head\"><span style=\"color: #ffffff\">1. Creative<\/span><\/div><\/li><li class=\"\"><div class=\"wst_list_head\"><span style=\"color: #ffffff\">2. Technological<\/span><\/div><\/li><li class=\"\"><div class=\"wst_list_head\"><span style=\"color: #ffffff\">3. User Focused<\/span><\/div><\/li>[\/wst_list][\/vc_column_inner][vc_column_inner width=&#8221;1\/2&#8243;][wst_list list_style=&#8221;custom-list&#8221;]<li class=\"\"><div class=\"wst_list_head\"><span style=\"color: #ffffff\">4. Global Perspective<\/span><\/div><\/li><li class=\"\"><div class=\"wst_list_head\"><span style=\"color: #ffffff\">5. Innovative<\/span><\/div><\/li>[\/wst_list][\/vc_column_inner][\/vc_row_inner][\/vc_column][vc_column width=&#8221;7\/12&#8243; css=&#8221;.vc_custom_1561003897330{padding-left: 50px !important;}&#8221;]<h3 class='wst-heading simple head_69e029bcea5aa' data-rev-color=\"#5b8dff\" data-rev-dur=\"800\"><span style=\"color: #ffffff\">Team&#8217;s Thoughts<\/span><\/h3>[vc_row_inner css=&#8221;.vc_custom_1560306916869{padding-right: 10% !important;}&#8221;][vc_column_inner][wst_testimonials block_style=&#8221;3&#8243; block_type=&#8221;carousel&#8221; v_arrows=&#8221;1&#8243; v_infinite=&#8221;1&#8243; arrow_color=&#8221;#ffffff&#8221;]<div class=\"\"><div class=\"wst-blockquote itm-69e029bcea6aa\"><\/div><\/div>[\/wst_testimonials][\/vc_column_inner][\/vc_row_inner][\/vc_column][\/vc_row][vc_row row_padd=&#8221;xxs-padding&#8221; css=&#8221;.vc_custom_1608748965158{padding-top: 0px !important;}&#8221;][vc_column][vc_tta_tabs full_tabs=&#8221;1&#8243; shape=&#8221;square&#8221; alignment=&#8221;center&#8221; active_section=&#8221;1&#8243; no_fill_content_area=&#8221;true&#8221; list_border_color=&#8221;rgba(255,255,255,0.39)&#8221; css=&#8221;.vc_custom_1561327091582{margin-top: -75px !important;}&#8221; font_size=&#8221;18&#8243; list_padd_top=&#8221;20&#8243; list_padd_bot=&#8221;20&#8243; list_text_color=&#8221;#ffffff&#8221; list_act_color=&#8221;#333333&#8243; list_act_bg_color=&#8221;#ffffff&#8221; list_act_border_color=&#8221;#ffffff&#8221;][vc_tta_section title=&#8221;Recruitment Process&#8221; tab_id=&#8221;isealim&#8221;][vc_row_inner css=&#8221;.vc_custom_1608227703352{padding-top: 40px !important;padding-right: 10% !important;padding-left: 10% !important;}&#8221;][vc_column_inner col_align=&#8221;text-center&#8221;][vc_column_text]In line with our needs and the requirements of our staff, you can make your job applications to our company via ik@liftena.com<\/p>\n<p>All applications made to our company are kept confidential.[\/vc_column_text][\/vc_column_inner][\/vc_row_inner][\/vc_tta_section][vc_tta_section title=&#8221;Career plan&#8221; tab_id=&#8221;kariyerplani&#8221;][vc_row_inner css=&#8221;.vc_custom_1608227719570{padding-top: 40px !important;padding-right: 10% !important;padding-left: 10% !important;}&#8221;][vc_column_inner col_align=&#8221;text-center&#8221;][vc_column_text]During each performance evaluation process in our company, the demands and opinions of the team members are listened and then their career path is reviewed.[\/vc_column_text][\/vc_column_inner][\/vc_row_inner][\/vc_tta_section][vc_tta_section title=&#8221;Innovation Incentive&#8221; tab_id=&#8221;inovasyon&#8221;][vc_row_inner css=&#8221;.vc_custom_1608227736647{padding-top: 40px !important;padding-right: 10% !important;padding-left: 10% !important;}&#8221;][vc_column_inner col_align=&#8221;text-center&#8221;][vc_column_text]When suggestions submitted by team members are accepted after evaluation, they are rewarded and encouraged to think innovative.<\/p>\n<ul>\n<li>Internal \/ external customer satisfaction<\/li>\n<li>New market<\/li>\n<li>Quality<\/li>\n<li>Creative \/ Innovative thinking<\/li>\n<li>Cost Improvement<\/li>\n<\/ul>\n<p>[\/vc_column_text][\/vc_column_inner][\/vc_row_inner][\/vc_tta_section][\/vc_tta_tabs][\/vc_column][\/vc_row][vc_row row_padd=&#8221;&#8221; bg_main=&#8221;color&#8221; row_hide=&#8221;yes&#8221; section_bg_color=&#8221;#111111&#8243; css=&#8221;.vc_custom_1608147327293{margin-top: 220px !important;padding-bottom: 150px !important;}&#8221;][vc_column css=&#8221;.vc_custom_1561007261335{margin-top: -220px !important;}&#8221;][wst_carousel v_slides=&#8221;3&#8243; gap=&#8221;5px&#8221; v_dots=&#8221;1&#8243; bullet_style=&#8221;2&#8243; bullet_color=&#8221;#c1c1c1&#8243; act_bullet_color=&#8221;#5b8dff&#8221;]<div class=\"team-box text-center team-4\" id=\"teambx_69e029bceb154\"><div class=\"member_img\"><div class=\"member_img_wrp\"><div class=\"team_inner_img\"><img width=\"644\" height=\"850\" src=\"http:\/\/liftena.com\/en\/wp-content\/uploads\/sites\/2\/2019\/10\/person1.jpg\" class=\"attachment-full\" alt=\"\" decoding=\"async\" loading=\"lazy\" srcset=\"http:\/\/liftena.com\/en\/wp-content\/uploads\/sites\/2\/2019\/10\/person1.jpg 644w, http:\/\/liftena.com\/en\/wp-content\/uploads\/sites\/2\/2019\/10\/person1-227x300.jpg 227w\" sizes=\"(max-width: 644px) 100vw, 644px\" \/><div class=\"member_socials\"><div class=\"social-list\"><a href=\"#\"  target=\"_self\"><i class=\"fa fa-facebook lg-icon\"><\/i><\/a><a href=\"#\"  target=\"_self\"><i class=\"fa fa-twitter lg-icon\"><\/i><\/a><a href=\"#\"  target=\"_self\"><i class=\"fa fa-linkedin lg-icon\"><\/i><\/a><\/div><\/div><\/div><\/div><\/div><div class=\"member_details\"><h4 class=\"member_name main-color\">John Doe<\/h4><h6 class=\"member_position\">Company CEO<\/h6><\/div><\/div><div class=\"team-box text-center team-4\" id=\"teambx_69e029bceb90f\"><div class=\"member_img\"><div class=\"member_img_wrp\"><div class=\"team_inner_img\"><img width=\"644\" height=\"850\" src=\"http:\/\/liftena.com\/en\/wp-content\/uploads\/sites\/2\/2019\/10\/person2.jpg\" class=\"attachment-full\" alt=\"\" decoding=\"async\" loading=\"lazy\" srcset=\"http:\/\/liftena.com\/en\/wp-content\/uploads\/sites\/2\/2019\/10\/person2.jpg 644w, http:\/\/liftena.com\/en\/wp-content\/uploads\/sites\/2\/2019\/10\/person2-227x300.jpg 227w\" sizes=\"(max-width: 644px) 100vw, 644px\" \/><div class=\"member_socials\"><div class=\"social-list\"><a href=\"#\"  target=\"_self\"><i class=\"fa fa-facebook lg-icon\"><\/i><\/a><a href=\"#\"  target=\"_self\"><i class=\"fa fa-twitter lg-icon\"><\/i><\/a><a href=\"#\"  target=\"_self\"><i class=\"fa fa-linkedin lg-icon\"><\/i><\/a><\/div><\/div><\/div><\/div><\/div><div class=\"member_details\"><h4 class=\"member_name main-color\">John Doe<\/h4><h6 class=\"member_position\">Company CEO<\/h6><\/div><\/div><div class=\"team-box text-center team-4\" id=\"teambx_69e029bcebe9f\"><div class=\"member_img\"><div class=\"member_img_wrp\"><div class=\"team_inner_img\"><img width=\"644\" height=\"850\" src=\"http:\/\/liftena.com\/en\/wp-content\/uploads\/sites\/2\/2019\/10\/person4.jpg\" class=\"attachment-full\" alt=\"\" decoding=\"async\" loading=\"lazy\" srcset=\"http:\/\/liftena.com\/en\/wp-content\/uploads\/sites\/2\/2019\/10\/person4.jpg 644w, http:\/\/liftena.com\/en\/wp-content\/uploads\/sites\/2\/2019\/10\/person4-227x300.jpg 227w\" sizes=\"(max-width: 644px) 100vw, 644px\" \/><div class=\"member_socials\"><div class=\"social-list\"><a href=\"#\"  target=\"_self\"><i class=\"fa fa-facebook lg-icon\"><\/i><\/a><a href=\"#\"  target=\"_self\"><i class=\"fa fa-twitter lg-icon\"><\/i><\/a><a href=\"#\"  target=\"_self\"><i class=\"fa fa-linkedin lg-icon\"><\/i><\/a><\/div><\/div><\/div><\/div><\/div><div class=\"member_details\"><h4 class=\"member_name main-color\">John Doe<\/h4><h6 class=\"member_position\">Company CEO<\/h6><\/div><\/div><div class=\"team-box text-center team-4\" id=\"teambx_69e029bcec496\"><div class=\"member_img\"><div class=\"member_img_wrp\"><div class=\"team_inner_img\"><img width=\"644\" height=\"850\" src=\"http:\/\/liftena.com\/en\/wp-content\/uploads\/sites\/2\/2019\/10\/person3.jpg\" class=\"attachment-full\" alt=\"\" decoding=\"async\" loading=\"lazy\" srcset=\"http:\/\/liftena.com\/en\/wp-content\/uploads\/sites\/2\/2019\/10\/person3.jpg 644w, http:\/\/liftena.com\/en\/wp-content\/uploads\/sites\/2\/2019\/10\/person3-227x300.jpg 227w\" sizes=\"(max-width: 644px) 100vw, 644px\" \/><div class=\"member_socials\"><div class=\"social-list\"><a href=\"#\"  target=\"_self\"><i class=\"fa fa-facebook lg-icon\"><\/i><\/a><a href=\"#\"  target=\"_self\"><i class=\"fa fa-twitter lg-icon\"><\/i><\/a><a href=\"#\"  target=\"_self\"><i class=\"fa fa-linkedin lg-icon\"><\/i><\/a><\/div><\/div><\/div><\/div><\/div><div class=\"member_details\"><h4 class=\"member_name main-color\">John Doe<\/h4><h6 class=\"member_position\">Company CEO<\/h6><\/div><\/div>[\/wst_carousel][\/vc_column][\/vc_row][vc_row row_hide=&#8221;yes&#8221;][vc_column]<h6 class='wst-heading simple head_69e029bceca26 centered' data-rev-color=\"#5b8dff\" data-rev-dur=\"800\"><span style=\"color: #5b8dff\">WHAT WE HAVE<\/span><\/h6><h3 class='wst-heading simple head_69e029bcecb20 centered' data-rev-color=\"#5b8dff\" data-rev-dur=\"800\">Latest From Blog<\/h3><div class='blog-posts recent-posts row rps-2 rpost-69e029bcecb8f' style=\"margin: 0 -15px\"><div class=\" col-md-4\"><div class=\"post-item recent-item  style2  post-1 post type-post status-publish format-standard hentry category-genel\"><div class=\"wst-post-media\" data-rev-color=\"#5b8dff\" data-rev-dur=\"800\"><\/div><div class=\"article-content\"><div class=\"post-info\"><div class=\"meta_cat\"><a href=\"http:\/\/liftena.com\/en\/category\/genel\/\">Genel<\/a><\/div><ul class=\"post-meta\"><li class=\"meta_date\">5 Mart 2021<\/li><\/ul><h4><a href=\"http:\/\/liftena.com\/\">Liftena site<\/a><\/h4><\/div><div class=\"entry-content\">Liftena site'e ho\u015f geldiniz. Bu sizin ilk yaz\u0131n\u0131z. Bu yaz\u0131y\u0131 d\u00fczenleyin ya da silin. Sonra yazmaya ba\u015flay\u0131n!<\/div><\/div><\/div><\/div><div class=\" col-md-4\"><div class=\"post-item recent-item  style2  post-355 post type-post status-publish format-standard has-post-thumbnail hentry category-commerce category-entertainment tag-template\"><div class=\"wst-post-media\" data-rev-color=\"#5b8dff\" data-rev-dur=\"800\"><a href=\"http:\/\/liftena.com\/en\/2019\/10\/22\/angela-is-well-after-visibly-shaking-during-ceremony\/\" class=\"post-thumbnail\"><img width=\"150\" height=\"150\" src=\"http:\/\/liftena.com\/en\/wp-content\/uploads\/sites\/2\/2019\/10\/post4-150x150.jpg\" class=\"attachment-thumbnail size-thumbnail wp-post-image\" alt=\"\" decoding=\"async\" loading=\"lazy\" srcset=\"http:\/\/liftena.com\/en\/wp-content\/uploads\/sites\/2\/2019\/10\/post4-150x150.jpg 150w, http:\/\/liftena.com\/en\/wp-content\/uploads\/sites\/2\/2019\/10\/post4-500x500.jpg 500w\" sizes=\"(max-width: 150px) 100vw, 150px\" \/><\/a><\/div><div class=\"article-content\"><div class=\"post-info\"><div class=\"meta_cat\"><a href=\"http:\/\/liftena.com\/en\/category\/commerce\/\">Commerce<\/a><\/div><ul class=\"post-meta\"><li class=\"meta_date\">22 Ekim 2019<\/li><\/ul><h4><a href=\"http:\/\/liftena.com\/en\/2019\/10\/22\/angela-is-well-after-visibly-shaking-during-ceremony\/\" rel=\"bookmark\">Angela is well after visibly shaking during ceremony<\/a><\/h4><\/div><div class=\"entry-content\">Lorem ipsum dolor sit amet, consectetur adipiscing elit. Pellentesque imperdiet purus quis metus imperdiet fermentum. Suspendisse hendrerit id lacus id<div class='more_container'><a class='box_more' href='http:\/\/liftena.com\/en\/2019\/10\/22\/angela-is-well-after-visibly-shaking-during-ceremony\/'><span>Read More<\/span><svg width='24' height='24' class='wst-arrows'><circle cx='12' cy='12' r='10'><\/circle><polygon points='10,9 14,12 10,15'><\/polygon><line x1='0' y1='12' x2='12' y2='12'><\/line><\/svg><\/a><\/div><\/div><\/div><\/div><\/div><div class=\" col-md-4\"><div class=\"post-item recent-item  style2  post-353 post type-post status-publish format-standard has-post-thumbnail hentry category-technology\"><div class=\"wst-post-media\" data-rev-color=\"#5b8dff\" data-rev-dur=\"800\"><a href=\"http:\/\/liftena.com\/en\/2019\/10\/22\/new-life-from-the-heaven-is-here-now-coming-to-you\/\" class=\"post-thumbnail\"><img width=\"150\" height=\"150\" src=\"http:\/\/liftena.com\/en\/wp-content\/uploads\/sites\/2\/2019\/10\/post7-150x150.jpg\" class=\"attachment-thumbnail size-thumbnail wp-post-image\" alt=\"\" decoding=\"async\" loading=\"lazy\" srcset=\"http:\/\/liftena.com\/en\/wp-content\/uploads\/sites\/2\/2019\/10\/post7-150x150.jpg 150w, http:\/\/liftena.com\/en\/wp-content\/uploads\/sites\/2\/2019\/10\/post7-500x500.jpg 500w\" sizes=\"(max-width: 150px) 100vw, 150px\" \/><\/a><\/div><div class=\"article-content\"><div class=\"post-info\"><div class=\"meta_cat\"><a href=\"http:\/\/liftena.com\/en\/category\/technology\/\">Technology<\/a><\/div><ul class=\"post-meta\"><li class=\"meta_date\">22 Ekim 2019<\/li><\/ul><h4><a href=\"http:\/\/liftena.com\/en\/2019\/10\/22\/new-life-from-the-heaven-is-here-now-coming-to-you\/\" rel=\"bookmark\">New Life from the heaven is here now coming to you<\/a><\/h4><\/div><div class=\"entry-content\">Lorem ipsum dolor sit amet, consectetur adipiscing elit. Pellentesque imperdiet purus quis metus imperdiet fermentum. Suspendisse hendrerit id lacus id<div class='more_container'><a class='box_more' href='http:\/\/liftena.com\/en\/2019\/10\/22\/new-life-from-the-heaven-is-here-now-coming-to-you\/'><span>Read More<\/span><svg width='24' height='24' class='wst-arrows'><circle cx='12' cy='12' r='10'><\/circle><polygon points='10,9 14,12 10,15'><\/polygon><line x1='0' y1='12' x2='12' y2='12'><\/line><\/svg><\/a><\/div><\/div><\/div><\/div><\/div><\/div>[\/vc_column][\/vc_row]<\/p>\n","protected":false},"excerpt":{"rendered":"<p>[vc_row bg_main=&#8221;image&#8221; fluid=&#8221;1&#8243; bg_image_repeat=&#8221;repeat-x&#8221; bg_image_position=&#8221;50% 100%&#8221; anim_bg=&#8221;1&#8243; section_bg_color=&#8221;#e8f6ff&#8221; css=&#8221;.vc_custom_1571696182420{padding-right: 15% !important;padding-bottom: 0px !important;padding-left: 15% !important;}&#8221; wst_bg_img=&#8221;258&#8243;][vc_column width=&#8221;1\/2&#8243; css=&#8221;.vc_custom_1562624573192{padding-right: 5% !important;}&#8221;][\/vc_column][vc_column width=&#8221;1\/2&#8243; css=&#8221;.vc_custom_1561324010287{padding-left: 20px !important;}&#8221;][vc_column_text css=&#8221;.vc_custom_1615626284705{padding-right: 20% !important;padding-bottom: 60px !important;}&#8221;]The basis of our human resources policy is to recruit individuals who are open to innovation, who will add value to our company&#8217;s vision of becoming a<\/p>\n<div class=\"more_container\"><a class=\"box_more\" href=\"http:\/\/liftena.com\/en\/2019\/10\/22\/new-life-from-the-heaven-is-here-now-coming-to-you\/\"><span>Read More<\/span><svg width=\"24\" height=\"24\" class=\"wst-arrows\"><circle cx=\"12\" cy=\"12\" r=\"10\"><\/circle><polygon points=\"10,9 14,12 10,15\"><\/polygon><line x1=\"0\" y1=\"12\" x2=\"12\" y2=\"12\"><\/line><\/svg><\/a><\/div>\n","protected":false},"author":1,"featured_media":0,"parent":0,"menu_order":0,"comment_status":"closed","ping_status":"closed","template":"full.php","meta":[],"_links":{"self":[{"href":"http:\/\/liftena.com\/en\/wp-json\/wp\/v2\/pages\/1948"}],"collection":[{"href":"http:\/\/liftena.com\/en\/wp-json\/wp\/v2\/pages"}],"about":[{"href":"http:\/\/liftena.com\/en\/wp-json\/wp\/v2\/types\/page"}],"author":[{"embeddable":true,"href":"http:\/\/liftena.com\/en\/wp-json\/wp\/v2\/users\/1"}],"replies":[{"embeddable":true,"href":"http:\/\/liftena.com\/en\/wp-json\/wp\/v2\/comments?post=1948"}],"version-history":[{"count":9,"href":"http:\/\/liftena.com\/en\/wp-json\/wp\/v2\/pages\/1948\/revisions"}],"predecessor-version":[{"id":2055,"href":"http:\/\/liftena.com\/en\/wp-json\/wp\/v2\/pages\/1948\/revisions\/2055"}],"wp:attachment":[{"href":"http:\/\/liftena.com\/en\/wp-json\/wp\/v2\/media?parent=1948"}],"curies":[{"name":"wp","href":"https:\/\/api.w.org\/{rel}","templated":true}]}}